{"id":102,"date":"2024-10-15T13:34:43","date_gmt":"2024-10-15T13:34:43","guid":{"rendered":"https:\/\/grupo-vma.com\/?page_id=102"},"modified":"2024-11-04T19:16:39","modified_gmt":"2024-11-04T18:16:39","slug":"seguridad","status":"publish","type":"page","link":"https:\/\/grupo-vma.com\/honduras\/seguridad\/","title":{"rendered":"Seguridad"},"content":{"rendered":"\t\t<div data-elementor-type=\"wp-page\" data-elementor-id=\"102\" class=\"elementor elementor-102\" data-elementor-post-type=\"page\">\n\t\t\t\t<div class=\"elementor-element elementor-element-1e6223b e-flex e-con-boxed e-con e-parent\" data-id=\"1e6223b\" data-element_type=\"container\">\n\t\t\t\t\t<div class=\"e-con-inner\">\n\t\t\t\t<div class=\"elementor-element elementor-element-21e3281 elementor-widget elementor-widget-image\" data-id=\"21e3281\" data-element_type=\"widget\" data-widget_type=\"image.default\">\n\t\t\t\t<div class=\"elementor-widget-container\">\n\t\t\t\t\t\t\t\t\t\t\t\t\t<img fetchpriority=\"high\" decoding=\"async\" width=\"1024\" height=\"652\" src=\"https:\/\/grupo-vma.com\/honduras\/wp-content\/uploads\/sites\/2\/2024\/10\/bannerseguridadHead-1024x652.jpg\" class=\"attachment-large size-large wp-image-109\" alt=\"\" srcset=\"https:\/\/grupo-vma.com\/honduras\/wp-content\/uploads\/sites\/2\/2024\/10\/bannerseguridadHead-1024x652.jpg 1024w, https:\/\/grupo-vma.com\/honduras\/wp-content\/uploads\/sites\/2\/2024\/10\/bannerseguridadHead-300x191.jpg 300w, https:\/\/grupo-vma.com\/honduras\/wp-content\/uploads\/sites\/2\/2024\/10\/bannerseguridadHead-768x489.jpg 768w, https:\/\/grupo-vma.com\/honduras\/wp-content\/uploads\/sites\/2\/2024\/10\/bannerseguridadHead.jpg 1200w\" sizes=\"(max-width: 1024px) 100vw, 1024px\" \/>\t\t\t\t\t\t\t\t\t\t\t\t\t<\/div>\n\t\t\t\t<\/div>\n\t\t\t\t\t<\/div>\n\t\t\t\t<\/div>\n\t\t<div class=\"elementor-element elementor-element-1d01f89 e-flex e-con-boxed e-con e-parent\" data-id=\"1d01f89\" data-element_type=\"container\">\n\t\t\t\t\t<div class=\"e-con-inner\">\n\t\t\t\t<div class=\"elementor-element elementor-element-3976b40 elementor-icon-list--layout-traditional elementor-list-item-link-full_width elementor-widget elementor-widget-icon-list\" data-id=\"3976b40\" data-element_type=\"widget\" data-widget_type=\"icon-list.default\">\n\t\t\t\t<div class=\"elementor-widget-container\">\n\t\t\t\t\t<ul class=\"elementor-icon-list-items\">\n\t\t\t\t\t\t\t<li class=\"elementor-icon-list-item\">\n\t\t\t\t\t\t\t\t\t\t\t<span class=\"elementor-icon-list-icon\">\n\t\t\t\t\t\t\t<svg xmlns=\"http:\/\/www.w3.org\/2000\/svg\" xmlns:xlink=\"http:\/\/www.w3.org\/1999\/xlink\" id=\"Group_10\" data-name=\"Group 10\" width=\"75.067\" height=\"64.974\" viewBox=\"0 0 75.067 64.974\"><defs><clipPath id=\"clip-path\"><rect id=\"Rectangle_24\" data-name=\"Rectangle 24\" width=\"75.067\" height=\"64.974\" fill=\"#244258\"><\/rect><\/clipPath><\/defs><g id=\"Group_9\" data-name=\"Group 9\" transform=\"translate(0)\" clip-path=\"url(#clip-path)\"><path id=\"Path_4\" data-name=\"Path 4\" d=\"M19.143,61.211H55.815V53.183H19.147v8.027Zm5.45-11.544H50.365V38.278a12.887,12.887,0,0,0-25.774,0V49.667ZM35.723,1.813a1.758,1.758,0,1,1,3.516,0V14.358a1.758,1.758,0,1,1-3.516,0Zm25.771,9.22a1.757,1.757,0,1,1,2.483,2.485L55.105,22.39a1.755,1.755,0,0,1-2.483-2.482l8.872-8.872ZM73.2,35.777a1.757,1.757,0,1,1,0,3.513H60.647a1.757,1.757,0,1,1,0-3.513ZM10.978,13.518a1.757,1.757,0,0,1,2.483-2.485L22.333,19.9a1.756,1.756,0,0,1-2.483,2.483l-8.872-8.872ZM1.758,39.29a1.757,1.757,0,1,1,0-3.513H14.3a1.757,1.757,0,1,1,0,3.513Zm4.3,25.437a1.757,1.757,0,1,1,0-3.513h9.572V51.429a1.759,1.759,0,0,1,1.758-1.759h3.7V38.281a16.4,16.4,0,0,1,32.794,0V49.67h3.695a1.76,1.76,0,0,1,1.759,1.759v9.785H68.9a1.757,1.757,0,1,1,0,3.513H6.055Z\" transform=\"translate(-0.004 -0.009)\" fill=\"#244258\"><\/path><\/g><\/svg>\t\t\t\t\t\t<\/span>\n\t\t\t\t\t\t\t\t\t\t<span class=\"elementor-icon-list-text\">EXPERTOS EN SEGURIDAD<\/span>\n\t\t\t\t\t\t\t\t\t<\/li>\n\t\t\t\t\t\t<\/ul>\n\t\t\t\t<\/div>\n\t\t\t\t<\/div>\n\t\t\t\t<div class=\"elementor-element elementor-element-26864bc elementor-widget elementor-widget-text-editor\" data-id=\"26864bc\" data-element_type=\"widget\" data-widget_type=\"text-editor.default\">\n\t\t\t\t<div class=\"elementor-widget-container\">\n\t\t\t\t\t\t\t<p>Somos la mejor opci\u00f3n para brindar servicios confiables. Con m\u00e1s de 33 a\u00f1os de experiencia y el mejor equipo humano, nos hemos transformado en socios comerciales de nuestros clientes en todas las modalidades de la seguridad empresarial. Con presencia en todo el territorio nacional, somos una de las empresas m\u00e1s reconocidas y consolidadas del sector.<\/p>\t\t\t\t\t\t<\/div>\n\t\t\t\t<\/div>\n\t\t\t\t\t<\/div>\n\t\t\t\t<\/div>\n\t\t<div class=\"elementor-element elementor-element-17ee948 e-flex e-con-boxed e-con e-parent\" data-id=\"17ee948\" data-element_type=\"container\">\n\t\t\t\t\t<div class=\"e-con-inner\">\n\t\t<div class=\"elementor-element elementor-element-98ad4af e-con-full e-flex e-con e-child\" data-id=\"98ad4af\" data-element_type=\"container\" data-settings=\"{&quot;background_background&quot;:&quot;classic&quot;}\">\n\t\t\t\t<div class=\"elementor-element elementor-element-b0118ff elementor-widget__width-initial elementor-widget elementor-widget-heading\" data-id=\"b0118ff\" data-element_type=\"widget\" data-widget_type=\"heading.default\">\n\t\t\t\t<div class=\"elementor-widget-container\">\n\t\t\t<h1 class=\"elementor-heading-title elementor-size-default\">33 a\u00f1os de \nexperiencia<\/h1>\t\t<\/div>\n\t\t\t\t<\/div>\n\t\t\t\t<div class=\"elementor-element elementor-element-050c124 elementor-widget elementor-widget-button\" data-id=\"050c124\" data-element_type=\"widget\" data-widget_type=\"button.default\">\n\t\t\t\t<div class=\"elementor-widget-container\">\n\t\t\t\t\t\t\t<div class=\"elementor-button-wrapper\">\n\t\t\t\t\t<a class=\"elementor-button elementor-button-link elementor-size-sm\" href=\"\/contacto\">\n\t\t\t\t\t\t<span class=\"elementor-button-content-wrapper\">\n\t\t\t\t\t\t\t\t\t<span class=\"elementor-button-text\">Cont\u00e1ctenos<\/span>\n\t\t\t\t\t<\/span>\n\t\t\t\t\t<\/a>\n\t\t\t\t<\/div>\n\t\t\t\t\t\t<\/div>\n\t\t\t\t<\/div>\n\t\t\t\t<\/div>\n\t\t\t\t\t<\/div>\n\t\t\t\t<\/div>\n\t\t<div class=\"elementor-element elementor-element-2bafece e-flex e-con-boxed e-con e-parent\" data-id=\"2bafece\" data-element_type=\"container\">\n\t\t\t\t\t<div class=\"e-con-inner\">\n\t\t\t\t<div class=\"elementor-element elementor-element-61528c0 elementor-widget elementor-widget-heading\" data-id=\"61528c0\" data-element_type=\"widget\" data-widget_type=\"heading.default\">\n\t\t\t\t<div class=\"elementor-widget-container\">\n\t\t\t<h2 class=\"elementor-heading-title elementor-size-default\">Seguridad presencial<\/h2>\t\t<\/div>\n\t\t\t\t<\/div>\n\t\t\t\t\t<\/div>\n\t\t\t\t<\/div>\n\t\t<div class=\"elementor-element elementor-element-7efdca6 e-flex e-con-boxed e-con e-parent\" data-id=\"7efdca6\" data-element_type=\"container\" data-settings=\"{&quot;background_background&quot;:&quot;classic&quot;}\">\n\t\t\t\t\t<div class=\"e-con-inner\">\n\t\t<div class=\"elementor-element elementor-element-c5b4d7b e-con-full e-flex e-con e-child\" data-id=\"c5b4d7b\" data-element_type=\"container\">\n\t\t\t\t<div class=\"elementor-element elementor-element-28d3c33 elementor-widget__width-initial elementor-widget elementor-widget-image\" data-id=\"28d3c33\" data-element_type=\"widget\" data-widget_type=\"image.default\">\n\t\t\t\t<div class=\"elementor-widget-container\">\n\t\t\t\t\t\t\t\t\t\t\t\t\t<img decoding=\"async\" width=\"201\" height=\"192\" src=\"https:\/\/grupo-vma.com\/honduras\/wp-content\/uploads\/sites\/2\/2024\/10\/Group-283.png\" class=\"attachment-large size-large wp-image-118\" alt=\"\" \/>\t\t\t\t\t\t\t\t\t\t\t\t\t<\/div>\n\t\t\t\t<\/div>\n\t\t\t\t<div class=\"elementor-element elementor-element-82c0061 elementor-widget elementor-widget-heading\" data-id=\"82c0061\" data-element_type=\"widget\" data-widget_type=\"heading.default\">\n\t\t\t\t<div class=\"elementor-widget-container\">\n\t\t\t<h5 class=\"elementor-heading-title elementor-size-default\">Oficiales de\nseguridad<\/h5>\t\t<\/div>\n\t\t\t\t<\/div>\n\t\t\t\t<\/div>\n\t\t<div class=\"elementor-element elementor-element-1c2dd25 e-con-full e-flex e-con e-child\" data-id=\"1c2dd25\" data-element_type=\"container\">\n\t\t\t\t<div class=\"elementor-element elementor-element-878b31a elementor-widget__width-initial elementor-widget elementor-widget-image\" data-id=\"878b31a\" data-element_type=\"widget\" data-widget_type=\"image.default\">\n\t\t\t\t<div class=\"elementor-widget-container\">\n\t\t\t\t\t\t\t\t\t\t\t\t\t<img decoding=\"async\" width=\"201\" height=\"192\" src=\"https:\/\/grupo-vma.com\/honduras\/wp-content\/uploads\/sites\/2\/2024\/10\/Group-284.png\" class=\"attachment-large size-large wp-image-119\" alt=\"\" \/>\t\t\t\t\t\t\t\t\t\t\t\t\t<\/div>\n\t\t\t\t<\/div>\n\t\t\t\t<div class=\"elementor-element elementor-element-4d4d1da elementor-widget elementor-widget-heading\" data-id=\"4d4d1da\" data-element_type=\"widget\" data-widget_type=\"heading.default\">\n\t\t\t\t<div class=\"elementor-widget-container\">\n\t\t\t<h5 class=\"elementor-heading-title elementor-size-default\">Custodias\nmotorizados<\/h5>\t\t<\/div>\n\t\t\t\t<\/div>\n\t\t\t\t<\/div>\n\t\t<div class=\"elementor-element elementor-element-a9c2f69 e-con-full e-flex e-con e-child\" data-id=\"a9c2f69\" data-element_type=\"container\">\n\t\t\t\t<div class=\"elementor-element elementor-element-0e1d7e1 elementor-widget__width-initial elementor-widget elementor-widget-image\" data-id=\"0e1d7e1\" data-element_type=\"widget\" data-widget_type=\"image.default\">\n\t\t\t\t<div class=\"elementor-widget-container\">\n\t\t\t\t\t\t\t\t\t\t\t\t\t<img loading=\"lazy\" decoding=\"async\" width=\"201\" height=\"192\" src=\"https:\/\/grupo-vma.com\/honduras\/wp-content\/uploads\/sites\/2\/2024\/10\/Group-285.png\" class=\"attachment-large size-large wp-image-120\" alt=\"\" \/>\t\t\t\t\t\t\t\t\t\t\t\t\t<\/div>\n\t\t\t\t<\/div>\n\t\t\t\t<div class=\"elementor-element elementor-element-53a9ffe elementor-widget elementor-widget-heading\" data-id=\"53a9ffe\" data-element_type=\"widget\" data-widget_type=\"heading.default\">\n\t\t\t\t<div class=\"elementor-widget-container\">\n\t\t\t<h5 class=\"elementor-heading-title elementor-size-default\">Traslado blindado\npersonas VIP<\/h5>\t\t<\/div>\n\t\t\t\t<\/div>\n\t\t\t\t<\/div>\n\t\t<div class=\"elementor-element elementor-element-453c002 e-con-full e-flex e-con e-child\" data-id=\"453c002\" data-element_type=\"container\">\n\t\t\t\t<div class=\"elementor-element elementor-element-505d842 elementor-widget__width-initial elementor-widget elementor-widget-image\" data-id=\"505d842\" data-element_type=\"widget\" data-widget_type=\"image.default\">\n\t\t\t\t<div class=\"elementor-widget-container\">\n\t\t\t\t\t\t\t\t\t\t\t\t\t<img loading=\"lazy\" decoding=\"async\" width=\"201\" height=\"192\" src=\"https:\/\/grupo-vma.com\/honduras\/wp-content\/uploads\/sites\/2\/2024\/10\/Group-292.png\" class=\"attachment-large size-large wp-image-127\" alt=\"\" \/>\t\t\t\t\t\t\t\t\t\t\t\t\t<\/div>\n\t\t\t\t<\/div>\n\t\t\t\t<div class=\"elementor-element elementor-element-2a9c267 elementor-widget elementor-widget-heading\" data-id=\"2a9c267\" data-element_type=\"widget\" data-widget_type=\"heading.default\">\n\t\t\t\t<div class=\"elementor-widget-container\">\n\t\t\t<h5 class=\"elementor-heading-title elementor-size-default\">Auditor\u00edas<\/h5>\t\t<\/div>\n\t\t\t\t<\/div>\n\t\t\t\t<\/div>\n\t\t<div class=\"elementor-element elementor-element-be69691 e-con-full e-flex e-con e-child\" data-id=\"be69691\" data-element_type=\"container\">\n\t\t\t\t<div class=\"elementor-element elementor-element-a818ae1 elementor-widget__width-initial elementor-widget elementor-widget-image\" data-id=\"a818ae1\" data-element_type=\"widget\" data-widget_type=\"image.default\">\n\t\t\t\t<div class=\"elementor-widget-container\">\n\t\t\t\t\t\t\t\t\t\t\t\t\t<img loading=\"lazy\" decoding=\"async\" width=\"201\" height=\"192\" src=\"https:\/\/grupo-vma.com\/honduras\/wp-content\/uploads\/sites\/2\/2024\/10\/Group-291.png\" class=\"attachment-large size-large wp-image-126\" alt=\"\" \/>\t\t\t\t\t\t\t\t\t\t\t\t\t<\/div>\n\t\t\t\t<\/div>\n\t\t\t\t<div class=\"elementor-element elementor-element-1e761e1 elementor-widget elementor-widget-heading\" data-id=\"1e761e1\" data-element_type=\"widget\" data-widget_type=\"heading.default\">\n\t\t\t\t<div class=\"elementor-widget-container\">\n\t\t\t<h5 class=\"elementor-heading-title elementor-size-default\">Poligraf\u00edas<\/h5>\t\t<\/div>\n\t\t\t\t<\/div>\n\t\t\t\t<\/div>\n\t\t<div class=\"elementor-element elementor-element-5821fac e-con-full e-flex e-con e-child\" data-id=\"5821fac\" data-element_type=\"container\">\n\t\t\t\t<div class=\"elementor-element elementor-element-267768b elementor-widget__width-initial elementor-widget elementor-widget-image\" data-id=\"267768b\" data-element_type=\"widget\" data-widget_type=\"image.default\">\n\t\t\t\t<div class=\"elementor-widget-container\">\n\t\t\t\t\t\t\t\t\t\t\t\t\t<img loading=\"lazy\" decoding=\"async\" width=\"201\" height=\"192\" src=\"https:\/\/grupo-vma.com\/honduras\/wp-content\/uploads\/sites\/2\/2024\/10\/Group-290.png\" class=\"attachment-large size-large wp-image-125\" alt=\"\" \/>\t\t\t\t\t\t\t\t\t\t\t\t\t<\/div>\n\t\t\t\t<\/div>\n\t\t\t\t<div class=\"elementor-element elementor-element-ceacc16 elementor-widget elementor-widget-heading\" data-id=\"ceacc16\" data-element_type=\"widget\" data-widget_type=\"heading.default\">\n\t\t\t\t<div class=\"elementor-widget-container\">\n\t\t\t<h5 class=\"elementor-heading-title elementor-size-default\">Capacitaciones<\/h5>\t\t<\/div>\n\t\t\t\t<\/div>\n\t\t\t\t<\/div>\n\t\t<div class=\"elementor-element elementor-element-4f235ff e-con-full e-flex e-con e-child\" data-id=\"4f235ff\" data-element_type=\"container\">\n\t\t\t\t<div class=\"elementor-element elementor-element-d2f6391 elementor-widget-divider--view-line elementor-widget elementor-widget-divider\" data-id=\"d2f6391\" data-element_type=\"widget\" data-widget_type=\"divider.default\">\n\t\t\t\t<div class=\"elementor-widget-container\">\n\t\t\t\t\t<div class=\"elementor-divider\">\n\t\t\t<span class=\"elementor-divider-separator\">\n\t\t\t\t\t\t<\/span>\n\t\t<\/div>\n\t\t\t\t<\/div>\n\t\t\t\t<\/div>\n\t\t\t\t<\/div>\n\t\t\t\t\t<\/div>\n\t\t\t\t<\/div>\n\t\t\t\t<\/div>\n\t\t","protected":false},"excerpt":{"rendered":"<p>EXPERTOS EN SEGURIDAD Somos la mejor opci\u00f3n para brindar servicios confiables. Con m\u00e1s de 33 a\u00f1os de experiencia y el [&hellip;]<\/p>\n","protected":false},"author":1,"featured_media":0,"parent":0,"menu_order":0,"comment_status":"closed","ping_status":"closed","template":"","meta":{"site-sidebar-layout":"no-sidebar","site-content-layout":"","ast-site-content-layout":"full-width-container","site-content-style":"default","site-sidebar-style":"default","ast-global-header-display":"","ast-banner-title-visibility":"","ast-main-header-display":"","ast-hfb-above-header-display":"","ast-hfb-below-header-display":"","ast-hfb-mobile-header-display":"","site-post-title":"disabled","ast-breadcrumbs-content":"","ast-featured-img":"disabled","footer-sml-layout":"","theme-transparent-header-meta":"","adv-header-id-meta":"","stick-header-meta":"","header-above-stick-meta":"","header-main-stick-meta":"","header-below-stick-meta":"","astra-migrate-meta-layouts":"default","ast-page-background-enabled":"default","ast-page-background-meta":{"desktop":{"background-color":"var(--ast-global-color-4)","background-image":"","background-repeat":"repeat","background-position":"center center","background-size":"auto","background-attachment":"scroll","background-type":"","background-media":"","overlay-type":"","overlay-color":"","overlay-opacity":"","overlay-gradient":""},"tablet":{"background-color":"","background-image":"","background-repeat":"repeat","background-position":"center center","background-size":"auto","background-attachment":"scroll","background-type":"","background-media":"","overlay-type":"","overlay-color":"","overlay-opacity":"","overlay-gradient":""},"mobile":{"background-color":"","background-image":"","background-repeat":"repeat","background-position":"center center","background-size":"auto","background-attachment":"scroll","background-type":"","background-media":"","overlay-type":"","overlay-color":"","overlay-opacity":"","overlay-gradient":""}},"ast-content-background-meta":{"desktop":{"background-color":"var(--ast-global-color-5)","background-image":"","background-repeat":"repeat","background-position":"center center","background-size":"auto","background-attachment":"scroll","background-type":"","background-media":"","overlay-type":"","overlay-color":"","overlay-opacity":"","overlay-gradient":""},"tablet":{"background-color":"var(--ast-global-color-5)","background-image":"","background-repeat":"repeat","background-position":"center center","background-size":"auto","background-attachment":"scroll","background-type":"","background-media":"","overlay-type":"","overlay-color":"","overlay-opacity":"","overlay-gradient":""},"mobile":{"background-color":"var(--ast-global-color-5)","background-image":"","background-repeat":"repeat","background-position":"center center","background-size":"auto","background-attachment":"scroll","background-type":"","background-media":"","overlay-type":"","overlay-color":"","overlay-opacity":"","overlay-gradient":""}},"_joinchat":[],"footnotes":""},"class_list":["post-102","page","type-page","status-publish","hentry"],"yoast_head":"<!-- This site is optimized with the Yoast SEO plugin v23.8 - https:\/\/yoast.com\/wordpress\/plugins\/seo\/ -->\n<title>Seguridad - Grupo VMA Honduras<\/title>\n<meta name=\"robots\" content=\"index, follow, max-snippet:-1, max-image-preview:large, max-video-preview:-1\" \/>\n<link rel=\"canonical\" href=\"https:\/\/grupo-vma.com\/honduras\/seguridad\/\" \/>\n<meta property=\"og:locale\" content=\"es_ES\" \/>\n<meta property=\"og:type\" content=\"article\" \/>\n<meta property=\"og:title\" content=\"Seguridad - Grupo VMA Honduras\" \/>\n<meta property=\"og:description\" content=\"EXPERTOS EN SEGURIDAD Somos la mejor opci\u00f3n para brindar servicios confiables. Con m\u00e1s de 33 a\u00f1os de experiencia y el [&hellip;]\" \/>\n<meta property=\"og:url\" content=\"https:\/\/grupo-vma.com\/honduras\/seguridad\/\" \/>\n<meta property=\"og:site_name\" content=\"Grupo VMA Honduras\" \/>\n<meta property=\"article:modified_time\" content=\"2024-11-04T18:16:39+00:00\" \/>\n<meta property=\"og:image\" content=\"https:\/\/grupo-vma.com\/honduras\/wp-content\/uploads\/sites\/2\/2024\/10\/bannerseguridadHead-1024x652.jpg\" \/>\n<meta name=\"twitter:card\" content=\"summary_large_image\" \/>\n<meta name=\"twitter:label1\" content=\"Tiempo de lectura\" \/>\n\t<meta name=\"twitter:data1\" content=\"3 minutos\" \/>\n<script type=\"application\/ld+json\" class=\"yoast-schema-graph\">{\"@context\":\"https:\/\/schema.org\",\"@graph\":[{\"@type\":\"WebPage\",\"@id\":\"https:\/\/grupo-vma.com\/honduras\/seguridad\/\",\"url\":\"https:\/\/grupo-vma.com\/honduras\/seguridad\/\",\"name\":\"Seguridad - Grupo VMA Honduras\",\"isPartOf\":{\"@id\":\"https:\/\/grupo-vma.com\/honduras\/#website\"},\"primaryImageOfPage\":{\"@id\":\"https:\/\/grupo-vma.com\/honduras\/seguridad\/#primaryimage\"},\"image\":{\"@id\":\"https:\/\/grupo-vma.com\/honduras\/seguridad\/#primaryimage\"},\"thumbnailUrl\":\"https:\/\/grupo-vma.com\/honduras\/wp-content\/uploads\/sites\/2\/2024\/10\/bannerseguridadHead-1024x652.jpg\",\"datePublished\":\"2024-10-15T13:34:43+00:00\",\"dateModified\":\"2024-11-04T18:16:39+00:00\",\"breadcrumb\":{\"@id\":\"https:\/\/grupo-vma.com\/honduras\/seguridad\/#breadcrumb\"},\"inLanguage\":\"es\",\"potentialAction\":[{\"@type\":\"ReadAction\",\"target\":[\"https:\/\/grupo-vma.com\/honduras\/seguridad\/\"]}]},{\"@type\":\"ImageObject\",\"inLanguage\":\"es\",\"@id\":\"https:\/\/grupo-vma.com\/honduras\/seguridad\/#primaryimage\",\"url\":\"https:\/\/grupo-vma.com\/honduras\/wp-content\/uploads\/sites\/2\/2024\/10\/bannerseguridadHead.jpg\",\"contentUrl\":\"https:\/\/grupo-vma.com\/honduras\/wp-content\/uploads\/sites\/2\/2024\/10\/bannerseguridadHead.jpg\",\"width\":1200,\"height\":764},{\"@type\":\"BreadcrumbList\",\"@id\":\"https:\/\/grupo-vma.com\/honduras\/seguridad\/#breadcrumb\",\"itemListElement\":[{\"@type\":\"ListItem\",\"position\":1,\"name\":\"Portada\",\"item\":\"https:\/\/grupo-vma.com\/honduras\/\"},{\"@type\":\"ListItem\",\"position\":2,\"name\":\"Seguridad\"}]},{\"@type\":\"WebSite\",\"@id\":\"https:\/\/grupo-vma.com\/honduras\/#website\",\"url\":\"https:\/\/grupo-vma.com\/honduras\/\",\"name\":\"Grupo VMA Honduras\",\"description\":\"\",\"publisher\":{\"@id\":\"https:\/\/grupo-vma.com\/honduras\/#organization\"},\"potentialAction\":[{\"@type\":\"SearchAction\",\"target\":{\"@type\":\"EntryPoint\",\"urlTemplate\":\"https:\/\/grupo-vma.com\/honduras\/?s={search_term_string}\"},\"query-input\":{\"@type\":\"PropertyValueSpecification\",\"valueRequired\":true,\"valueName\":\"search_term_string\"}}],\"inLanguage\":\"es\"},{\"@type\":\"Organization\",\"@id\":\"https:\/\/grupo-vma.com\/honduras\/#organization\",\"name\":\"Grupo VMA Honduras\",\"url\":\"https:\/\/grupo-vma.com\/honduras\/\",\"logo\":{\"@type\":\"ImageObject\",\"inLanguage\":\"es\",\"@id\":\"https:\/\/grupo-vma.com\/honduras\/#\/schema\/logo\/image\/\",\"url\":\"https:\/\/grupo-vma.com\/honduras\/wp-content\/uploads\/sites\/2\/2024\/10\/Logo-VMA_Grupo-NEGRORecurso-3.png\",\"contentUrl\":\"https:\/\/grupo-vma.com\/honduras\/wp-content\/uploads\/sites\/2\/2024\/10\/Logo-VMA_Grupo-NEGRORecurso-3.png\",\"width\":310,\"height\":180,\"caption\":\"Grupo VMA Honduras\"},\"image\":{\"@id\":\"https:\/\/grupo-vma.com\/honduras\/#\/schema\/logo\/image\/\"}}]}<\/script>\n<!-- \/ Yoast SEO plugin. -->","yoast_head_json":{"title":"Seguridad - Grupo VMA Honduras","robots":{"index":"index","follow":"follow","max-snippet":"max-snippet:-1","max-image-preview":"max-image-preview:large","max-video-preview":"max-video-preview:-1"},"canonical":"https:\/\/grupo-vma.com\/honduras\/seguridad\/","og_locale":"es_ES","og_type":"article","og_title":"Seguridad - Grupo VMA Honduras","og_description":"EXPERTOS EN SEGURIDAD Somos la mejor opci\u00f3n para brindar servicios confiables. Con m\u00e1s de 33 a\u00f1os de experiencia y el [&hellip;]","og_url":"https:\/\/grupo-vma.com\/honduras\/seguridad\/","og_site_name":"Grupo VMA Honduras","article_modified_time":"2024-11-04T18:16:39+00:00","og_image":[{"url":"https:\/\/grupo-vma.com\/honduras\/wp-content\/uploads\/sites\/2\/2024\/10\/bannerseguridadHead-1024x652.jpg"}],"twitter_card":"summary_large_image","twitter_misc":{"Tiempo de lectura":"3 minutos"},"schema":{"@context":"https:\/\/schema.org","@graph":[{"@type":"WebPage","@id":"https:\/\/grupo-vma.com\/honduras\/seguridad\/","url":"https:\/\/grupo-vma.com\/honduras\/seguridad\/","name":"Seguridad - Grupo VMA Honduras","isPartOf":{"@id":"https:\/\/grupo-vma.com\/honduras\/#website"},"primaryImageOfPage":{"@id":"https:\/\/grupo-vma.com\/honduras\/seguridad\/#primaryimage"},"image":{"@id":"https:\/\/grupo-vma.com\/honduras\/seguridad\/#primaryimage"},"thumbnailUrl":"https:\/\/grupo-vma.com\/honduras\/wp-content\/uploads\/sites\/2\/2024\/10\/bannerseguridadHead-1024x652.jpg","datePublished":"2024-10-15T13:34:43+00:00","dateModified":"2024-11-04T18:16:39+00:00","breadcrumb":{"@id":"https:\/\/grupo-vma.com\/honduras\/seguridad\/#breadcrumb"},"inLanguage":"es","potentialAction":[{"@type":"ReadAction","target":["https:\/\/grupo-vma.com\/honduras\/seguridad\/"]}]},{"@type":"ImageObject","inLanguage":"es","@id":"https:\/\/grupo-vma.com\/honduras\/seguridad\/#primaryimage","url":"https:\/\/grupo-vma.com\/honduras\/wp-content\/uploads\/sites\/2\/2024\/10\/bannerseguridadHead.jpg","contentUrl":"https:\/\/grupo-vma.com\/honduras\/wp-content\/uploads\/sites\/2\/2024\/10\/bannerseguridadHead.jpg","width":1200,"height":764},{"@type":"BreadcrumbList","@id":"https:\/\/grupo-vma.com\/honduras\/seguridad\/#breadcrumb","itemListElement":[{"@type":"ListItem","position":1,"name":"Portada","item":"https:\/\/grupo-vma.com\/honduras\/"},{"@type":"ListItem","position":2,"name":"Seguridad"}]},{"@type":"WebSite","@id":"https:\/\/grupo-vma.com\/honduras\/#website","url":"https:\/\/grupo-vma.com\/honduras\/","name":"Grupo VMA Honduras","description":"","publisher":{"@id":"https:\/\/grupo-vma.com\/honduras\/#organization"},"potentialAction":[{"@type":"SearchAction","target":{"@type":"EntryPoint","urlTemplate":"https:\/\/grupo-vma.com\/honduras\/?s={search_term_string}"},"query-input":{"@type":"PropertyValueSpecification","valueRequired":true,"valueName":"search_term_string"}}],"inLanguage":"es"},{"@type":"Organization","@id":"https:\/\/grupo-vma.com\/honduras\/#organization","name":"Grupo VMA Honduras","url":"https:\/\/grupo-vma.com\/honduras\/","logo":{"@type":"ImageObject","inLanguage":"es","@id":"https:\/\/grupo-vma.com\/honduras\/#\/schema\/logo\/image\/","url":"https:\/\/grupo-vma.com\/honduras\/wp-content\/uploads\/sites\/2\/2024\/10\/Logo-VMA_Grupo-NEGRORecurso-3.png","contentUrl":"https:\/\/grupo-vma.com\/honduras\/wp-content\/uploads\/sites\/2\/2024\/10\/Logo-VMA_Grupo-NEGRORecurso-3.png","width":310,"height":180,"caption":"Grupo VMA Honduras"},"image":{"@id":"https:\/\/grupo-vma.com\/honduras\/#\/schema\/logo\/image\/"}}]}},"_links":{"self":[{"href":"https:\/\/grupo-vma.com\/honduras\/wp-json\/wp\/v2\/pages\/102","targetHints":{"allow":["GET"]}}],"collection":[{"href":"https:\/\/grupo-vma.com\/honduras\/wp-json\/wp\/v2\/pages"}],"about":[{"href":"https:\/\/grupo-vma.com\/honduras\/wp-json\/wp\/v2\/types\/page"}],"author":[{"embeddable":true,"href":"https:\/\/grupo-vma.com\/honduras\/wp-json\/wp\/v2\/users\/1"}],"replies":[{"embeddable":true,"href":"https:\/\/grupo-vma.com\/honduras\/wp-json\/wp\/v2\/comments?post=102"}],"version-history":[{"count":6,"href":"https:\/\/grupo-vma.com\/honduras\/wp-json\/wp\/v2\/pages\/102\/revisions"}],"predecessor-version":[{"id":321,"href":"https:\/\/grupo-vma.com\/honduras\/wp-json\/wp\/v2\/pages\/102\/revisions\/321"}],"wp:attachment":[{"href":"https:\/\/grupo-vma.com\/honduras\/wp-json\/wp\/v2\/media?parent=102"}],"curies":[{"name":"wp","href":"https:\/\/api.w.org\/{rel}","templated":true}]}}