{"id":27,"date":"2024-10-09T22:49:20","date_gmt":"2024-10-09T22:49:20","guid":{"rendered":"https:\/\/grupo-vma.com\/?page_id=27"},"modified":"2025-05-18T21:03:23","modified_gmt":"2025-05-19T03:03:23","slug":"noticias","status":"publish","type":"page","link":"https:\/\/grupo-vma.com\/honduras\/noticias\/","title":{"rendered":"NOTICIAS"},"content":{"rendered":"\t\t<div data-elementor-type=\"wp-page\" data-elementor-id=\"27\" class=\"elementor elementor-27\" data-elementor-post-type=\"page\">\n\t\t\t\t<div class=\"elementor-element elementor-element-8eae135 e-grid e-con-boxed e-con e-parent\" data-id=\"8eae135\" data-element_type=\"container\">\n\t\t\t\t\t<div class=\"e-con-inner\">\n\t\t\t\t<div class=\"elementor-element elementor-element-48c8451 elementor-widget elementor-widget-n-accordion\" data-id=\"48c8451\" data-element_type=\"widget\" data-settings=\"{&quot;max_items_expended&quot;:&quot;multiple&quot;,&quot;default_state&quot;:&quot;expanded&quot;,&quot;n_accordion_animation_duration&quot;:{&quot;unit&quot;:&quot;ms&quot;,&quot;size&quot;:400,&quot;sizes&quot;:[]}}\" data-widget_type=\"nested-accordion.default\">\n\t\t\t\t<div class=\"elementor-widget-container\">\n\t\t\t\t\t<div class=\"e-n-accordion\" aria-label=\"Accordion. Open links with Enter or Space, close with Escape, and navigate with Arrow Keys\">\n\t\t\t\t\t\t<details id=\"e-n-accordion-item-7630\" class=\"e-n-accordion-item\" open>\n\t\t\t\t<summary class=\"e-n-accordion-item-title\" data-accordion-index=\"1\" tabindex=\"0\" aria-expanded=\"true\" aria-controls=\"e-n-accordion-item-7630\" >\n\t\t\t\t\t<span class='e-n-accordion-item-title-header'><div class=\"e-n-accordion-item-title-text\">  <\/div><\/span>\n\t\t\t\t\t\t\t\t\t<\/summary>\n\t\t\t\t<div role=\"region\" aria-labelledby=\"e-n-accordion-item-7630\" class=\"elementor-element elementor-element-fde283b e-con-full e-flex e-con e-child\" data-id=\"fde283b\" data-element_type=\"container\">\n\t\t<div role=\"region\" aria-labelledby=\"e-n-accordion-item-7630\" class=\"elementor-element elementor-element-62d4082 e-flex e-con-boxed e-con e-child\" data-id=\"62d4082\" data-element_type=\"container\">\n\t\t\t\t\t<div class=\"e-con-inner\">\n\t\t\t\t<div class=\"elementor-element elementor-element-80bb6e1 elementor-widget elementor-widget-image\" data-id=\"80bb6e1\" data-element_type=\"widget\" data-widget_type=\"image.default\">\n\t\t\t\t<div class=\"elementor-widget-container\">\n\t\t\t\t\t\t\t\t\t\t\t\t\t<img decoding=\"async\" width=\"468\" height=\"60\" src=\"https:\/\/grupo-vma.com\/honduras\/wp-content\/uploads\/sites\/2\/2025\/03\/Banner-Blog-.png\" class=\"attachment-large size-large wp-image-352\" alt=\"\" srcset=\"https:\/\/grupo-vma.com\/honduras\/wp-content\/uploads\/sites\/2\/2025\/03\/Banner-Blog-.png 468w, https:\/\/grupo-vma.com\/honduras\/wp-content\/uploads\/sites\/2\/2025\/03\/Banner-Blog--300x38.png 300w\" sizes=\"(max-width: 468px) 100vw, 468px\" \/>\t\t\t\t\t\t\t\t\t\t\t\t\t<\/div>\n\t\t\t\t<\/div>\n\t\t\t\t<div class=\"elementor-element elementor-element-2ad564e elementor-widget elementor-widget-heading\" data-id=\"2ad564e\" data-element_type=\"widget\" data-widget_type=\"heading.default\">\n\t\t\t\t<div class=\"elementor-widget-container\">\n\t\t\t<h6 class=\"elementor-heading-title elementor-size-default\">Limpieza Hospitalaria<\/h6>\t\t<\/div>\n\t\t\t\t<\/div>\n\t\t\t\t<div class=\"elementor-element elementor-element-87dfe47 elementor-align-center elementor-widget elementor-widget-button\" data-id=\"87dfe47\" data-element_type=\"widget\" data-widget_type=\"button.default\">\n\t\t\t\t<div class=\"elementor-widget-container\">\n\t\t\t\t\t\t\t<div class=\"elementor-button-wrapper\">\n\t\t\t\t\t<a class=\"elementor-button elementor-button-link elementor-size-sm\" href=\"\/limpieza-hospitalaria\">\n\t\t\t\t\t\t<span class=\"elementor-button-content-wrapper\">\n\t\t\t\t\t\t\t\t\t<span class=\"elementor-button-text\">Ver m\u00e1s<\/span>\n\t\t\t\t\t<\/span>\n\t\t\t\t\t<\/a>\n\t\t\t\t<\/div>\n\t\t\t\t\t\t<\/div>\n\t\t\t\t<\/div>\n\t\t\t\t\t<\/div>\n\t\t\t\t<\/div>\n\t\t\t\t<\/div>\n\t\t\t\t\t<\/details>\n\t\t\t\t\t<\/div>\n\t\t\t\t<\/div>\n\t\t\t\t<\/div>\n\t\t\t\t<div class=\"elementor-element elementor-element-471801a elementor-widget elementor-widget-n-accordion\" data-id=\"471801a\" data-element_type=\"widget\" data-settings=\"{&quot;max_items_expended&quot;:&quot;multiple&quot;,&quot;default_state&quot;:&quot;expanded&quot;,&quot;n_accordion_animation_duration&quot;:{&quot;unit&quot;:&quot;ms&quot;,&quot;size&quot;:400,&quot;sizes&quot;:[]}}\" data-widget_type=\"nested-accordion.default\">\n\t\t\t\t<div class=\"elementor-widget-container\">\n\t\t\t\t\t<div class=\"e-n-accordion\" aria-label=\"Accordion. Open links with Enter or Space, close with Escape, and navigate with Arrow Keys\">\n\t\t\t\t\t\t<details id=\"e-n-accordion-item-7450\" class=\"e-n-accordion-item\" open>\n\t\t\t\t<summary class=\"e-n-accordion-item-title\" data-accordion-index=\"1\" tabindex=\"0\" aria-expanded=\"true\" aria-controls=\"e-n-accordion-item-7450\" >\n\t\t\t\t\t<span class='e-n-accordion-item-title-header'><div class=\"e-n-accordion-item-title-text\">  <\/div><\/span>\n\t\t\t\t\t\t\t\t\t<\/summary>\n\t\t\t\t<div role=\"region\" aria-labelledby=\"e-n-accordion-item-7450\" class=\"elementor-element elementor-element-bde13f2 e-con-full e-flex e-con e-child\" data-id=\"bde13f2\" data-element_type=\"container\">\n\t\t<div role=\"region\" aria-labelledby=\"e-n-accordion-item-7450\" class=\"elementor-element elementor-element-70a4e41 e-flex e-con-boxed e-con e-child\" data-id=\"70a4e41\" data-element_type=\"container\">\n\t\t\t\t\t<div class=\"e-con-inner\">\n\t\t\t\t<div class=\"elementor-element elementor-element-f21fb27 elementor-widget elementor-widget-image\" data-id=\"f21fb27\" data-element_type=\"widget\" data-widget_type=\"image.default\">\n\t\t\t\t<div class=\"elementor-widget-container\">\n\t\t\t\t\t\t\t\t\t\t\t\t\t<img decoding=\"async\" src=\"https:\/\/grupo-vma.com\/honduras\/wp-content\/uploads\/sites\/2\/elementor\/thumbs\/Blog-SS-2025-1-r515mx7kgruje5uybo3ec8nsjvyeih6wqzz9zd5j8g.jpg\" title=\"Blog SS 2025 (1)\" alt=\"Blog SS 2025 (1)\" loading=\"lazy\" \/>\t\t\t\t\t\t\t\t\t\t\t\t\t<\/div>\n\t\t\t\t<\/div>\n\t\t\t\t<div class=\"elementor-element elementor-element-a60e47e elementor-widget elementor-widget-heading\" data-id=\"a60e47e\" data-element_type=\"widget\" data-widget_type=\"heading.default\">\n\t\t\t\t<div class=\"elementor-widget-container\">\n\t\t\t<h6 class=\"elementor-heading-title elementor-size-default\">Protege tu hogar y oficina en Semana Santa con seguridad electr\u00f3nica<\/h6>\t\t<\/div>\n\t\t\t\t<\/div>\n\t\t\t\t<div class=\"elementor-element elementor-element-b303243 elementor-align-center elementor-widget elementor-widget-button\" data-id=\"b303243\" data-element_type=\"widget\" data-widget_type=\"button.default\">\n\t\t\t\t<div class=\"elementor-widget-container\">\n\t\t\t\t\t\t\t<div class=\"elementor-button-wrapper\">\n\t\t\t\t\t<a class=\"elementor-button elementor-button-link elementor-size-sm\" href=\"\/semanasanta\">\n\t\t\t\t\t\t<span class=\"elementor-button-content-wrapper\">\n\t\t\t\t\t\t\t\t\t<span class=\"elementor-button-text\">Ver m\u00e1s<\/span>\n\t\t\t\t\t<\/span>\n\t\t\t\t\t<\/a>\n\t\t\t\t<\/div>\n\t\t\t\t\t\t<\/div>\n\t\t\t\t<\/div>\n\t\t\t\t\t<\/div>\n\t\t\t\t<\/div>\n\t\t\t\t<\/div>\n\t\t\t\t\t<\/details>\n\t\t\t\t\t<\/div>\n\t\t\t\t<\/div>\n\t\t\t\t<\/div>\n\t\t\t\t<div class=\"elementor-element elementor-element-893f25c elementor-widget elementor-widget-n-accordion\" data-id=\"893f25c\" data-element_type=\"widget\" data-settings=\"{&quot;max_items_expended&quot;:&quot;multiple&quot;,&quot;default_state&quot;:&quot;expanded&quot;,&quot;n_accordion_animation_duration&quot;:{&quot;unit&quot;:&quot;ms&quot;,&quot;size&quot;:400,&quot;sizes&quot;:[]}}\" data-widget_type=\"nested-accordion.default\">\n\t\t\t\t<div class=\"elementor-widget-container\">\n\t\t\t\t\t<div class=\"e-n-accordion\" aria-label=\"Accordion. Open links with Enter or Space, close with Escape, and navigate with Arrow Keys\">\n\t\t\t\t\t\t<details id=\"e-n-accordion-item-1430\" class=\"e-n-accordion-item\" open>\n\t\t\t\t<summary class=\"e-n-accordion-item-title\" data-accordion-index=\"1\" tabindex=\"0\" aria-expanded=\"true\" aria-controls=\"e-n-accordion-item-1430\" >\n\t\t\t\t\t<span class='e-n-accordion-item-title-header'><div class=\"e-n-accordion-item-title-text\">  <\/div><\/span>\n\t\t\t\t\t\t\t\t\t<\/summary>\n\t\t\t\t<div role=\"region\" aria-labelledby=\"e-n-accordion-item-1430\" class=\"elementor-element elementor-element-c53d0b3 e-con-full e-flex e-con e-child\" data-id=\"c53d0b3\" data-element_type=\"container\">\n\t\t<div role=\"region\" aria-labelledby=\"e-n-accordion-item-1430\" class=\"elementor-element elementor-element-e5d90b8 e-flex e-con-boxed e-con e-child\" data-id=\"e5d90b8\" data-element_type=\"container\">\n\t\t\t\t\t<div class=\"e-con-inner\">\n\t\t\t\t<div class=\"elementor-element elementor-element-3576bc4 elementor-widget elementor-widget-image\" data-id=\"3576bc4\" data-element_type=\"widget\" data-widget_type=\"image.default\">\n\t\t\t\t<div class=\"elementor-widget-container\">\n\t\t\t\t\t\t\t\t\t\t\t\t\t<img fetchpriority=\"high\" decoding=\"async\" width=\"851\" height=\"315\" src=\"https:\/\/grupo-vma.com\/honduras\/wp-content\/uploads\/sites\/2\/2025\/04\/Blog-Limpieza-Fachadas.png\" class=\"attachment-large size-large wp-image-357\" alt=\"\" srcset=\"https:\/\/grupo-vma.com\/honduras\/wp-content\/uploads\/sites\/2\/2025\/04\/Blog-Limpieza-Fachadas.png 851w, https:\/\/grupo-vma.com\/honduras\/wp-content\/uploads\/sites\/2\/2025\/04\/Blog-Limpieza-Fachadas-300x111.png 300w, https:\/\/grupo-vma.com\/honduras\/wp-content\/uploads\/sites\/2\/2025\/04\/Blog-Limpieza-Fachadas-768x284.png 768w\" sizes=\"(max-width: 851px) 100vw, 851px\" \/>\t\t\t\t\t\t\t\t\t\t\t\t\t<\/div>\n\t\t\t\t<\/div>\n\t\t\t\t\t<\/div>\n\t\t\t\t<\/div>\n\t\t\t\t<div class=\"elementor-element elementor-element-166d00a elementor-widget elementor-widget-heading\" data-id=\"166d00a\" data-element_type=\"widget\" data-widget_type=\"heading.default\">\n\t\t\t\t<div class=\"elementor-widget-container\">\n\t\t\t<h6 class=\"elementor-heading-title elementor-size-default\">Los Beneficios de la Limpieza de Fachadas para las Empresas<\/h6>\t\t<\/div>\n\t\t\t\t<\/div>\n\t\t\t\t<div class=\"elementor-element elementor-element-b18936a elementor-align-center elementor-widget elementor-widget-button\" data-id=\"b18936a\" data-element_type=\"widget\" data-widget_type=\"button.default\">\n\t\t\t\t<div class=\"elementor-widget-container\">\n\t\t\t\t\t\t\t<div class=\"elementor-button-wrapper\">\n\t\t\t\t\t<a class=\"elementor-button elementor-button-link elementor-size-sm\" href=\"#\">\n\t\t\t\t\t\t<span class=\"elementor-button-content-wrapper\">\n\t\t\t\t\t\t\t\t\t<span class=\"elementor-button-text\">Ver m\u00e1s<\/span>\n\t\t\t\t\t<\/span>\n\t\t\t\t\t<\/a>\n\t\t\t\t<\/div>\n\t\t\t\t\t\t<\/div>\n\t\t\t\t<\/div>\n\t\t\t\t<\/div>\n\t\t\t\t\t<\/details>\n\t\t\t\t\t<\/div>\n\t\t\t\t<\/div>\n\t\t\t\t<\/div>\n\t\t\t\t<div class=\"elementor-element elementor-element-4193248 elementor-widget elementor-widget-n-accordion\" data-id=\"4193248\" data-element_type=\"widget\" data-settings=\"{&quot;default_state&quot;:&quot;expanded&quot;,&quot;max_items_expended&quot;:&quot;one&quot;,&quot;n_accordion_animation_duration&quot;:{&quot;unit&quot;:&quot;ms&quot;,&quot;size&quot;:400,&quot;sizes&quot;:[]}}\" data-widget_type=\"nested-accordion.default\">\n\t\t\t\t<div class=\"elementor-widget-container\">\n\t\t\t\t\t<div class=\"e-n-accordion\" aria-label=\"Accordion. Open links with Enter or Space, close with Escape, and navigate with Arrow Keys\">\n\t\t\t\t\t\t<details id=\"e-n-accordion-item-6870\" class=\"e-n-accordion-item\" open>\n\t\t\t\t<summary class=\"e-n-accordion-item-title\" data-accordion-index=\"1\" tabindex=\"0\" aria-expanded=\"true\" aria-controls=\"e-n-accordion-item-6870\" >\n\t\t\t\t\t<span class='e-n-accordion-item-title-header'><div class=\"e-n-accordion-item-title-text\">  <\/div><\/span>\n\t\t\t\t\t\t\t\t\t<\/summary>\n\t\t\t\t<div role=\"region\" aria-labelledby=\"e-n-accordion-item-6870\" class=\"elementor-element elementor-element-480971b e-con-full e-flex e-con e-child\" data-id=\"480971b\" data-element_type=\"container\">\n\t\t<div role=\"region\" aria-labelledby=\"e-n-accordion-item-6870\" class=\"elementor-element elementor-element-a88e66b e-flex e-con-boxed e-con e-child\" data-id=\"a88e66b\" data-element_type=\"container\">\n\t\t\t\t\t<div class=\"e-con-inner\">\n\t\t\t\t<div class=\"elementor-element elementor-element-db05933 elementor-widget elementor-widget-image\" data-id=\"db05933\" data-element_type=\"widget\" data-widget_type=\"image.default\">\n\t\t\t\t<div class=\"elementor-widget-container\">\n\t\t\t\t\t\t\t\t\t\t\t\t\t<img decoding=\"async\" width=\"407\" height=\"509\" src=\"https:\/\/grupo-vma.com\/honduras\/wp-content\/uploads\/sites\/2\/2025\/05\/Blog-1-Electronica.jpg\" class=\"attachment-large size-large wp-image-377\" alt=\"\" srcset=\"https:\/\/grupo-vma.com\/honduras\/wp-content\/uploads\/sites\/2\/2025\/05\/Blog-1-Electronica.jpg 407w, https:\/\/grupo-vma.com\/honduras\/wp-content\/uploads\/sites\/2\/2025\/05\/Blog-1-Electronica-240x300.jpg 240w\" sizes=\"(max-width: 407px) 100vw, 407px\" \/>\t\t\t\t\t\t\t\t\t\t\t\t\t<\/div>\n\t\t\t\t<\/div>\n\t\t\t\t<div class=\"elementor-element elementor-element-242264b elementor-widget elementor-widget-heading\" data-id=\"242264b\" data-element_type=\"widget\" data-widget_type=\"heading.default\">\n\t\t\t\t<div class=\"elementor-widget-container\">\n\t\t\t<h6 class=\"elementor-heading-title elementor-size-default\">Seguridad Elect\u00f3nica<\/h6>\t\t<\/div>\n\t\t\t\t<\/div>\n\t\t\t\t<div class=\"elementor-element elementor-element-500f438 elementor-align-center elementor-widget elementor-widget-button\" data-id=\"500f438\" data-element_type=\"widget\" data-widget_type=\"button.default\">\n\t\t\t\t<div class=\"elementor-widget-container\">\n\t\t\t\t\t\t\t<div class=\"elementor-button-wrapper\">\n\t\t\t\t\t<a class=\"elementor-button elementor-button-link elementor-size-sm\" href=\"\/seguridad-electonica\">\n\t\t\t\t\t\t<span class=\"elementor-button-content-wrapper\">\n\t\t\t\t\t\t\t\t\t<span class=\"elementor-button-text\">Ver m\u00e1s<\/span>\n\t\t\t\t\t<\/span>\n\t\t\t\t\t<\/a>\n\t\t\t\t<\/div>\n\t\t\t\t\t\t<\/div>\n\t\t\t\t<\/div>\n\t\t\t\t\t<\/div>\n\t\t\t\t<\/div>\n\t\t\t\t<\/div>\n\t\t\t\t\t<\/details>\n\t\t\t\t\t<\/div>\n\t\t\t\t<\/div>\n\t\t\t\t<\/div>\n\t\t\t\t\t<\/div>\n\t\t\t\t<\/div>\n\t\t\t\t<\/div>\n\t\t","protected":false},"excerpt":{"rendered":"<p>Limpieza Hospitalaria Ver m\u00e1s Limpieza Hospitalaria Ver m\u00e1s Protege tu hogar y oficina en Semana Santa con seguridad electr\u00f3nica Ver [&hellip;]<\/p>\n","protected":false},"author":1,"featured_media":0,"parent":0,"menu_order":0,"comment_status":"closed","ping_status":"closed","template":"","meta":{"site-sidebar-layout":"no-sidebar","site-content-layout":"","ast-site-content-layout":"full-width-container","site-content-style":"default","site-sidebar-style":"default","ast-global-header-display":"","ast-banner-title-visibility":"","ast-main-header-display":"","ast-hfb-above-header-display":"","ast-hfb-below-header-display":"","ast-hfb-mobile-header-display":"","site-post-title":"disabled","ast-breadcrumbs-content":"","ast-featured-img":"disabled","footer-sml-layout":"","theme-transparent-header-meta":"","adv-header-id-meta":"","stick-header-meta":"","header-above-stick-meta":"","header-main-stick-meta":"","header-below-stick-meta":"","astra-migrate-meta-layouts":"default","ast-page-background-enabled":"default","ast-page-background-meta":{"desktop":{"background-color":"var(--ast-global-color-4)","background-image":"","background-repeat":"repeat","background-position":"center center","background-size":"auto","background-attachment":"scroll","background-type":"","background-media":"","overlay-type":"","overlay-color":"","overlay-opacity":"","overlay-gradient":""},"tablet":{"background-color":"","background-image":"","background-repeat":"repeat","background-position":"center center","background-size":"auto","background-attachment":"scroll","background-type":"","background-media":"","overlay-type":"","overlay-color":"","overlay-opacity":"","overlay-gradient":""},"mobile":{"background-color":"","background-image":"","background-repeat":"repeat","background-position":"center center","background-size":"auto","background-attachment":"scroll","background-type":"","background-media":"","overlay-type":"","overlay-color":"","overlay-opacity":"","overlay-gradient":""}},"ast-content-background-meta":{"desktop":{"background-color":"var(--ast-global-color-5)","background-image":"","background-repeat":"repeat","background-position":"center center","background-size":"auto","background-attachment":"scroll","background-type":"","background-media":"","overlay-type":"","overlay-color":"","overlay-opacity":"","overlay-gradient":""},"tablet":{"background-color":"var(--ast-global-color-5)","background-image":"","background-repeat":"repeat","background-position":"center center","background-size":"auto","background-attachment":"scroll","background-type":"","background-media":"","overlay-type":"","overlay-color":"","overlay-opacity":"","overlay-gradient":""},"mobile":{"background-color":"var(--ast-global-color-5)","background-image":"","background-repeat":"repeat","background-position":"center center","background-size":"auto","background-attachment":"scroll","background-type":"","background-media":"","overlay-type":"","overlay-color":"","overlay-opacity":"","overlay-gradient":""}},"_joinchat":[],"footnotes":""},"class_list":["post-27","page","type-page","status-publish","hentry"],"yoast_head":"<!-- This site is optimized with the Yoast SEO plugin v23.8 - https:\/\/yoast.com\/wordpress\/plugins\/seo\/ -->\n<title>NOTICIAS - Grupo VMA Honduras<\/title>\n<meta name=\"robots\" content=\"index, follow, max-snippet:-1, max-image-preview:large, max-video-preview:-1\" \/>\n<link rel=\"canonical\" href=\"https:\/\/grupo-vma.com\/honduras\/noticias\/\" \/>\n<meta property=\"og:locale\" content=\"es_ES\" \/>\n<meta property=\"og:type\" content=\"article\" \/>\n<meta property=\"og:title\" content=\"NOTICIAS - Grupo VMA Honduras\" \/>\n<meta property=\"og:description\" content=\"Limpieza Hospitalaria Ver m\u00e1s Limpieza Hospitalaria Ver m\u00e1s Protege tu hogar y oficina en Semana Santa con seguridad electr\u00f3nica Ver [&hellip;]\" \/>\n<meta property=\"og:url\" content=\"https:\/\/grupo-vma.com\/honduras\/noticias\/\" \/>\n<meta property=\"og:site_name\" content=\"Grupo VMA Honduras\" \/>\n<meta property=\"article:modified_time\" content=\"2025-05-19T03:03:23+00:00\" \/>\n<meta property=\"og:image\" content=\"https:\/\/grupo-vma.com\/honduras\/wp-content\/uploads\/sites\/2\/2025\/03\/Banner-Blog-.png\" \/>\n\t<meta property=\"og:image:width\" content=\"468\" \/>\n\t<meta property=\"og:image:height\" content=\"60\" \/>\n\t<meta property=\"og:image:type\" content=\"image\/png\" \/>\n<meta name=\"twitter:card\" content=\"summary_large_image\" \/>\n<meta name=\"twitter:label1\" content=\"Tiempo de lectura\" \/>\n\t<meta name=\"twitter:data1\" content=\"3 minutos\" \/>\n<script type=\"application\/ld+json\" class=\"yoast-schema-graph\">{\"@context\":\"https:\/\/schema.org\",\"@graph\":[{\"@type\":\"WebPage\",\"@id\":\"https:\/\/grupo-vma.com\/honduras\/noticias\/\",\"url\":\"https:\/\/grupo-vma.com\/honduras\/noticias\/\",\"name\":\"NOTICIAS - Grupo VMA Honduras\",\"isPartOf\":{\"@id\":\"https:\/\/grupo-vma.com\/honduras\/#website\"},\"primaryImageOfPage\":{\"@id\":\"https:\/\/grupo-vma.com\/honduras\/noticias\/#primaryimage\"},\"image\":{\"@id\":\"https:\/\/grupo-vma.com\/honduras\/noticias\/#primaryimage\"},\"thumbnailUrl\":\"https:\/\/grupo-vma.com\/honduras\/wp-content\/uploads\/sites\/2\/2025\/03\/Banner-Blog-.png\",\"datePublished\":\"2024-10-09T22:49:20+00:00\",\"dateModified\":\"2025-05-19T03:03:23+00:00\",\"breadcrumb\":{\"@id\":\"https:\/\/grupo-vma.com\/honduras\/noticias\/#breadcrumb\"},\"inLanguage\":\"es\",\"potentialAction\":[{\"@type\":\"ReadAction\",\"target\":[\"https:\/\/grupo-vma.com\/honduras\/noticias\/\"]}]},{\"@type\":\"ImageObject\",\"inLanguage\":\"es\",\"@id\":\"https:\/\/grupo-vma.com\/honduras\/noticias\/#primaryimage\",\"url\":\"https:\/\/grupo-vma.com\/honduras\/wp-content\/uploads\/sites\/2\/2025\/03\/Banner-Blog-.png\",\"contentUrl\":\"https:\/\/grupo-vma.com\/honduras\/wp-content\/uploads\/sites\/2\/2025\/03\/Banner-Blog-.png\",\"width\":468,\"height\":60},{\"@type\":\"BreadcrumbList\",\"@id\":\"https:\/\/grupo-vma.com\/honduras\/noticias\/#breadcrumb\",\"itemListElement\":[{\"@type\":\"ListItem\",\"position\":1,\"name\":\"Portada\",\"item\":\"https:\/\/grupo-vma.com\/honduras\/\"},{\"@type\":\"ListItem\",\"position\":2,\"name\":\"NOTICIAS\"}]},{\"@type\":\"WebSite\",\"@id\":\"https:\/\/grupo-vma.com\/honduras\/#website\",\"url\":\"https:\/\/grupo-vma.com\/honduras\/\",\"name\":\"Grupo VMA Honduras\",\"description\":\"\",\"publisher\":{\"@id\":\"https:\/\/grupo-vma.com\/honduras\/#organization\"},\"potentialAction\":[{\"@type\":\"SearchAction\",\"target\":{\"@type\":\"EntryPoint\",\"urlTemplate\":\"https:\/\/grupo-vma.com\/honduras\/?s={search_term_string}\"},\"query-input\":{\"@type\":\"PropertyValueSpecification\",\"valueRequired\":true,\"valueName\":\"search_term_string\"}}],\"inLanguage\":\"es\"},{\"@type\":\"Organization\",\"@id\":\"https:\/\/grupo-vma.com\/honduras\/#organization\",\"name\":\"Grupo VMA Honduras\",\"url\":\"https:\/\/grupo-vma.com\/honduras\/\",\"logo\":{\"@type\":\"ImageObject\",\"inLanguage\":\"es\",\"@id\":\"https:\/\/grupo-vma.com\/honduras\/#\/schema\/logo\/image\/\",\"url\":\"https:\/\/grupo-vma.com\/honduras\/wp-content\/uploads\/sites\/2\/2024\/10\/Logo-VMA_Grupo-NEGRORecurso-3.png\",\"contentUrl\":\"https:\/\/grupo-vma.com\/honduras\/wp-content\/uploads\/sites\/2\/2024\/10\/Logo-VMA_Grupo-NEGRORecurso-3.png\",\"width\":310,\"height\":180,\"caption\":\"Grupo VMA Honduras\"},\"image\":{\"@id\":\"https:\/\/grupo-vma.com\/honduras\/#\/schema\/logo\/image\/\"}}]}<\/script>\n<!-- \/ Yoast SEO plugin. -->","yoast_head_json":{"title":"NOTICIAS - Grupo VMA Honduras","robots":{"index":"index","follow":"follow","max-snippet":"max-snippet:-1","max-image-preview":"max-image-preview:large","max-video-preview":"max-video-preview:-1"},"canonical":"https:\/\/grupo-vma.com\/honduras\/noticias\/","og_locale":"es_ES","og_type":"article","og_title":"NOTICIAS - Grupo VMA Honduras","og_description":"Limpieza Hospitalaria Ver m\u00e1s Limpieza Hospitalaria Ver m\u00e1s Protege tu hogar y oficina en Semana Santa con seguridad electr\u00f3nica Ver [&hellip;]","og_url":"https:\/\/grupo-vma.com\/honduras\/noticias\/","og_site_name":"Grupo VMA Honduras","article_modified_time":"2025-05-19T03:03:23+00:00","og_image":[{"width":468,"height":60,"url":"https:\/\/grupo-vma.com\/honduras\/wp-content\/uploads\/sites\/2\/2025\/03\/Banner-Blog-.png","type":"image\/png"}],"twitter_card":"summary_large_image","twitter_misc":{"Tiempo de lectura":"3 minutos"},"schema":{"@context":"https:\/\/schema.org","@graph":[{"@type":"WebPage","@id":"https:\/\/grupo-vma.com\/honduras\/noticias\/","url":"https:\/\/grupo-vma.com\/honduras\/noticias\/","name":"NOTICIAS - Grupo VMA Honduras","isPartOf":{"@id":"https:\/\/grupo-vma.com\/honduras\/#website"},"primaryImageOfPage":{"@id":"https:\/\/grupo-vma.com\/honduras\/noticias\/#primaryimage"},"image":{"@id":"https:\/\/grupo-vma.com\/honduras\/noticias\/#primaryimage"},"thumbnailUrl":"https:\/\/grupo-vma.com\/honduras\/wp-content\/uploads\/sites\/2\/2025\/03\/Banner-Blog-.png","datePublished":"2024-10-09T22:49:20+00:00","dateModified":"2025-05-19T03:03:23+00:00","breadcrumb":{"@id":"https:\/\/grupo-vma.com\/honduras\/noticias\/#breadcrumb"},"inLanguage":"es","potentialAction":[{"@type":"ReadAction","target":["https:\/\/grupo-vma.com\/honduras\/noticias\/"]}]},{"@type":"ImageObject","inLanguage":"es","@id":"https:\/\/grupo-vma.com\/honduras\/noticias\/#primaryimage","url":"https:\/\/grupo-vma.com\/honduras\/wp-content\/uploads\/sites\/2\/2025\/03\/Banner-Blog-.png","contentUrl":"https:\/\/grupo-vma.com\/honduras\/wp-content\/uploads\/sites\/2\/2025\/03\/Banner-Blog-.png","width":468,"height":60},{"@type":"BreadcrumbList","@id":"https:\/\/grupo-vma.com\/honduras\/noticias\/#breadcrumb","itemListElement":[{"@type":"ListItem","position":1,"name":"Portada","item":"https:\/\/grupo-vma.com\/honduras\/"},{"@type":"ListItem","position":2,"name":"NOTICIAS"}]},{"@type":"WebSite","@id":"https:\/\/grupo-vma.com\/honduras\/#website","url":"https:\/\/grupo-vma.com\/honduras\/","name":"Grupo VMA Honduras","description":"","publisher":{"@id":"https:\/\/grupo-vma.com\/honduras\/#organization"},"potentialAction":[{"@type":"SearchAction","target":{"@type":"EntryPoint","urlTemplate":"https:\/\/grupo-vma.com\/honduras\/?s={search_term_string}"},"query-input":{"@type":"PropertyValueSpecification","valueRequired":true,"valueName":"search_term_string"}}],"inLanguage":"es"},{"@type":"Organization","@id":"https:\/\/grupo-vma.com\/honduras\/#organization","name":"Grupo VMA Honduras","url":"https:\/\/grupo-vma.com\/honduras\/","logo":{"@type":"ImageObject","inLanguage":"es","@id":"https:\/\/grupo-vma.com\/honduras\/#\/schema\/logo\/image\/","url":"https:\/\/grupo-vma.com\/honduras\/wp-content\/uploads\/sites\/2\/2024\/10\/Logo-VMA_Grupo-NEGRORecurso-3.png","contentUrl":"https:\/\/grupo-vma.com\/honduras\/wp-content\/uploads\/sites\/2\/2024\/10\/Logo-VMA_Grupo-NEGRORecurso-3.png","width":310,"height":180,"caption":"Grupo VMA Honduras"},"image":{"@id":"https:\/\/grupo-vma.com\/honduras\/#\/schema\/logo\/image\/"}}]}},"_links":{"self":[{"href":"https:\/\/grupo-vma.com\/honduras\/wp-json\/wp\/v2\/pages\/27","targetHints":{"allow":["GET"]}}],"collection":[{"href":"https:\/\/grupo-vma.com\/honduras\/wp-json\/wp\/v2\/pages"}],"about":[{"href":"https:\/\/grupo-vma.com\/honduras\/wp-json\/wp\/v2\/types\/page"}],"author":[{"embeddable":true,"href":"https:\/\/grupo-vma.com\/honduras\/wp-json\/wp\/v2\/users\/1"}],"replies":[{"embeddable":true,"href":"https:\/\/grupo-vma.com\/honduras\/wp-json\/wp\/v2\/comments?post=27"}],"version-history":[{"count":15,"href":"https:\/\/grupo-vma.com\/honduras\/wp-json\/wp\/v2\/pages\/27\/revisions"}],"predecessor-version":[{"id":380,"href":"https:\/\/grupo-vma.com\/honduras\/wp-json\/wp\/v2\/pages\/27\/revisions\/380"}],"wp:attachment":[{"href":"https:\/\/grupo-vma.com\/honduras\/wp-json\/wp\/v2\/media?parent=27"}],"curies":[{"name":"wp","href":"https:\/\/api.w.org\/{rel}","templated":true}]}}