{"id":28,"date":"2024-10-09T22:49:17","date_gmt":"2024-10-09T22:49:17","guid":{"rendered":"https:\/\/grupo-vma.com\/?page_id=28"},"modified":"2025-05-16T11:09:16","modified_gmt":"2025-05-16T17:09:16","slug":"unete-a-vma","status":"publish","type":"page","link":"https:\/\/grupo-vma.com\/honduras\/unete-a-vma\/","title":{"rendered":"\u00daNETE A VMA"},"content":{"rendered":"\t\t<div data-elementor-type=\"wp-page\" data-elementor-id=\"28\" class=\"elementor elementor-28\" data-elementor-post-type=\"page\">\n\t\t\t\t<div class=\"elementor-element elementor-element-250a24a e-flex e-con-boxed e-con e-parent\" data-id=\"250a24a\" data-element_type=\"container\">\n\t\t\t\t\t<div class=\"e-con-inner\">\n\t\t\t\t<div class=\"elementor-element elementor-element-99a62e5 elementor-widget elementor-widget-image\" data-id=\"99a62e5\" data-element_type=\"widget\" data-widget_type=\"image.default\">\n\t\t\t\t<div class=\"elementor-widget-container\">\n\t\t\t\t\t\t\t\t\t\t\t\t\t<img fetchpriority=\"high\" decoding=\"async\" width=\"1024\" height=\"423\" src=\"https:\/\/grupo-vma.com\/honduras\/wp-content\/uploads\/sites\/2\/2024\/10\/bannerunetevma2-1024x423.png\" class=\"attachment-large size-large wp-image-220\" alt=\"\" srcset=\"https:\/\/grupo-vma.com\/honduras\/wp-content\/uploads\/sites\/2\/2024\/10\/bannerunetevma2-1024x423.png 1024w, https:\/\/grupo-vma.com\/honduras\/wp-content\/uploads\/sites\/2\/2024\/10\/bannerunetevma2-300x124.png 300w, https:\/\/grupo-vma.com\/honduras\/wp-content\/uploads\/sites\/2\/2024\/10\/bannerunetevma2-768x317.png 768w, https:\/\/grupo-vma.com\/honduras\/wp-content\/uploads\/sites\/2\/2024\/10\/bannerunetevma2-1536x635.png 1536w, https:\/\/grupo-vma.com\/honduras\/wp-content\/uploads\/sites\/2\/2024\/10\/bannerunetevma2.png 1950w\" sizes=\"(max-width: 1024px) 100vw, 1024px\" \/>\t\t\t\t\t\t\t\t\t\t\t\t\t<\/div>\n\t\t\t\t<\/div>\n\t\t\t\t\t<\/div>\n\t\t\t\t<\/div>\n\t\t<div class=\"elementor-element elementor-element-ecdc91b e-flex e-con-boxed e-con e-parent\" data-id=\"ecdc91b\" data-element_type=\"container\" data-settings=\"{&quot;background_background&quot;:&quot;classic&quot;}\">\n\t\t\t\t\t<div class=\"e-con-inner\">\n\t\t\t\t<div class=\"elementor-element elementor-element-83befb8 elementor-widget elementor-widget-heading\" data-id=\"83befb8\" data-element_type=\"widget\" data-widget_type=\"heading.default\">\n\t\t\t\t<div class=\"elementor-widget-container\">\n\t\t\t<h1 class=\"elementor-heading-title elementor-size-default\">\u00daNETE A VMA<\/h1>\t\t<\/div>\n\t\t\t\t<\/div>\n\t\t\t\t<div class=\"elementor-element elementor-element-0b56082 elementor-widget elementor-widget-text-editor\" data-id=\"0b56082\" data-element_type=\"widget\" data-widget_type=\"text-editor.default\">\n\t\t\t\t<div class=\"elementor-widget-container\">\n\t\t\t\t\t\t\t<p>Completa el formulario con tus datos para ser parte de la base de datos de elegibles a los puestos que constantemente tenemos disponibles. Grupo VMA es una compa\u00f1\u00eda en constante expansi\u00f3n, as\u00ed que pronto tendr\u00e1s noticias nuestras.<\/p>\t\t\t\t\t\t<\/div>\n\t\t\t\t<\/div>\n\t\t\t\t<div class=\"elementor-element elementor-element-398d0c4 elementor-button-align-stretch elementor-widget elementor-widget-form\" data-id=\"398d0c4\" data-element_type=\"widget\" data-settings=\"{&quot;step_next_label&quot;:&quot;Siguiente&quot;,&quot;step_previous_label&quot;:&quot;Anterior&quot;,&quot;button_width&quot;:&quot;100&quot;,&quot;step_type&quot;:&quot;number_text&quot;,&quot;step_icon_shape&quot;:&quot;circle&quot;}\" data-widget_type=\"form.default\">\n\t\t\t\t<div class=\"elementor-widget-container\">\n\t\t\t\t\t<form class=\"elementor-form\" method=\"post\" name=\"Nuevo formulario\">\n\t\t\t<input type=\"hidden\" name=\"post_id\" value=\"28\"\/>\n\t\t\t<input type=\"hidden\" name=\"form_id\" value=\"398d0c4\"\/>\n\t\t\t<input type=\"hidden\" name=\"referer_title\" value=\"\u00daNETE A VMA - Grupo VMA Honduras\" \/>\n\n\t\t\t\t\t\t\t<input type=\"hidden\" name=\"queried_id\" value=\"28\"\/>\n\t\t\t\n\t\t\t<div class=\"elementor-form-fields-wrapper elementor-labels-above\">\n\t\t\t\t\t\t\t\t<div class=\"elementor-field-type-text elementor-field-group elementor-column elementor-field-group-name elementor-col-100 elementor-field-required\">\n\t\t\t\t\t\t\t\t\t\t\t\t<label for=\"form-field-name\" class=\"elementor-field-label\">\n\t\t\t\t\t\t\t\tNombre\t\t\t\t\t\t\t<\/label>\n\t\t\t\t\t\t\t\t\t\t\t\t\t\t<input size=\"1\" type=\"text\" name=\"form_fields[name]\" id=\"form-field-name\" class=\"elementor-field elementor-size-sm  elementor-field-textual\" placeholder=\"Nombre\" required=\"required\" aria-required=\"true\">\n\t\t\t\t\t\t\t\t\t\t\t<\/div>\n\t\t\t\t\t\t\t\t<div class=\"elementor-field-type-text elementor-field-group elementor-column elementor-field-group-email elementor-col-50 elementor-field-required\">\n\t\t\t\t\t\t\t\t\t\t\t\t<label for=\"form-field-email\" class=\"elementor-field-label\">\n\t\t\t\t\t\t\t\tN\u00famero de c\u00e9dula\t\t\t\t\t\t\t<\/label>\n\t\t\t\t\t\t\t\t\t\t\t\t\t\t<input size=\"1\" type=\"text\" name=\"form_fields[email]\" id=\"form-field-email\" class=\"elementor-field elementor-size-sm  elementor-field-textual\" placeholder=\"N\u00famero de c\u00e9dula\" required=\"required\" aria-required=\"true\">\n\t\t\t\t\t\t\t\t\t\t\t<\/div>\n\t\t\t\t\t\t\t\t<div class=\"elementor-field-type-tel elementor-field-group elementor-column elementor-field-group-field_23772ae elementor-col-50 elementor-field-required\">\n\t\t\t\t\t\t\t\t\t\t\t\t<label for=\"form-field-field_23772ae\" class=\"elementor-field-label\">\n\t\t\t\t\t\t\t\tN\u00famero de tel\u00e9fono\t\t\t\t\t\t\t<\/label>\n\t\t\t\t\t\t\t\t<input size=\"1\" type=\"tel\" name=\"form_fields[field_23772ae]\" id=\"form-field-field_23772ae\" class=\"elementor-field elementor-size-sm  elementor-field-textual\" placeholder=\"N\u00famero de tel\u00e9fono\" required=\"required\" aria-required=\"true\" pattern=\"[0-9()#&amp;+*-=.]+\" title=\"Solo se aceptan n\u00fameros y caracteres de tel\u00e9fono (#,-,*,etc).\">\n\n\t\t\t\t\t\t<\/div>\n\t\t\t\t\t\t\t\t<div class=\"elementor-field-type-tel elementor-field-group elementor-column elementor-field-group-field_e4f3c17 elementor-col-50\">\n\t\t\t\t\t\t\t\t\t\t\t\t<label for=\"form-field-field_e4f3c17\" class=\"elementor-field-label\">\n\t\t\t\t\t\t\t\tN\u00famero de tel\u00e9fono alternativo\t\t\t\t\t\t\t<\/label>\n\t\t\t\t\t\t\t\t<input size=\"1\" type=\"tel\" name=\"form_fields[field_e4f3c17]\" id=\"form-field-field_e4f3c17\" class=\"elementor-field elementor-size-sm  elementor-field-textual\" placeholder=\"N\u00famero de tel\u00e9fono alternativo\" pattern=\"[0-9()#&amp;+*-=.]+\" title=\"Solo se aceptan n\u00fameros y caracteres de tel\u00e9fono (#,-,*,etc).\">\n\n\t\t\t\t\t\t<\/div>\n\t\t\t\t\t\t\t\t<div class=\"elementor-field-type-email elementor-field-group elementor-column elementor-field-group-field_7ab55f0 elementor-col-50 elementor-field-required\">\n\t\t\t\t\t\t\t\t\t\t\t\t<label for=\"form-field-field_7ab55f0\" class=\"elementor-field-label\">\n\t\t\t\t\t\t\t\tCorreo electr\u00f3nico\t\t\t\t\t\t\t<\/label>\n\t\t\t\t\t\t\t\t\t\t\t\t\t\t<input size=\"1\" type=\"email\" name=\"form_fields[field_7ab55f0]\" id=\"form-field-field_7ab55f0\" class=\"elementor-field elementor-size-sm  elementor-field-textual\" placeholder=\"Correo electr\u00f3nico\" required=\"required\" aria-required=\"true\">\n\t\t\t\t\t\t\t\t\t\t\t<\/div>\n\t\t\t\t\t\t\t\t<div class=\"elementor-field-type-select elementor-field-group elementor-column elementor-field-group-message elementor-col-100 elementor-field-required\">\n\t\t\t\t\t\t\t\t\t\t\t\t<label for=\"form-field-message\" class=\"elementor-field-label\">\n\t\t\t\t\t\t\t\t\u00c1rea de trabajo\t\t\t\t\t\t\t<\/label>\n\t\t\t\t\t\t\t\t<div class=\"elementor-field elementor-select-wrapper remove-before \">\n\t\t\t<div class=\"select-caret-down-wrapper\">\n\t\t\t\t<svg aria-hidden=\"true\" class=\"e-font-icon-svg e-eicon-caret-down\" viewBox=\"0 0 571.4 571.4\" xmlns=\"http:\/\/www.w3.org\/2000\/svg\"><path d=\"M571 393Q571 407 561 418L311 668Q300 679 286 679T261 668L11 418Q0 407 0 393T11 368 36 357H536Q550 357 561 368T571 393Z\"><\/path><\/svg>\t\t\t<\/div>\n\t\t\t<select name=\"form_fields[message]\" id=\"form-field-message\" class=\"elementor-field-textual elementor-size-sm\" required=\"required\" aria-required=\"true\">\n\t\t\t\t\t\t\t\t\t<option value=\"Seguridad\">Seguridad<\/option>\n\t\t\t\t\t\t\t\t\t<option value=\"Administrativo\">Administrativo<\/option>\n\t\t\t\t\t\t\t<\/select>\n\t\t<\/div>\n\t\t\t\t\t\t<\/div>\n\t\t\t\t\t\t\t\t<div class=\"elementor-field-type-upload elementor-field-group elementor-column elementor-field-group-field_2c67f84 elementor-col-100 elementor-field-required\">\n\t\t\t\t\t\t\t\t\t\t\t\t<label for=\"form-field-field_2c67f84\" class=\"elementor-field-label\">\n\t\t\t\t\t\t\t\tSubir Curr\u00edculum\t\t\t\t\t\t\t<\/label>\n\t\t\t\t\t\t\t\t<input type=\"file\" name=\"form_fields[field_2c67f84]\" id=\"form-field-field_2c67f84\" class=\"elementor-field elementor-size-sm  elementor-upload-field\" required=\"required\" aria-required=\"true\">\n\n\t\t\t\t\t\t<\/div>\n\t\t\t\t\t\t\t\t<div class=\"elementor-field-type-checkbox elementor-field-group elementor-column elementor-field-group-field_c5c2ae8 elementor-col-100\">\n\t\t\t\t\t<div class=\"elementor-field-subgroup  \"><span class=\"elementor-field-option\"><input type=\"checkbox\" value=\"Autorizo a Grupo VMA a guardar mi informaci\u00f3n personal para procesos de reclutamiento y selecci\u00f3n. Confirmo que la informaci\u00f3n brindada es real.\" id=\"form-field-field_c5c2ae8-0\" name=\"form_fields[field_c5c2ae8]\"> <label for=\"form-field-field_c5c2ae8-0\">Autorizo a Grupo VMA a guardar mi informaci\u00f3n personal para procesos de reclutamiento y selecci\u00f3n. Confirmo que la informaci\u00f3n brindada es real.<\/label><\/span><\/div>\t\t\t\t<\/div>\n\t\t\t\t\t\t\t\t<div class=\"elementor-field-group elementor-column elementor-field-type-submit elementor-col-100 e-form__buttons\">\n\t\t\t\t\t<button class=\"elementor-button elementor-size-sm\" type=\"submit\">\n\t\t\t\t\t\t<span class=\"elementor-button-content-wrapper\">\n\t\t\t\t\t\t\t\t\t\t\t\t\t\t\t\t\t\t\t\t\t\t<span class=\"elementor-button-text\">Enviar<\/span>\n\t\t\t\t\t\t\t\t\t\t\t\t\t<\/span>\n\t\t\t\t\t<\/button>\n\t\t\t\t<\/div>\n\t\t\t<\/div>\n\t\t<\/form>\n\t\t\t\t<\/div>\n\t\t\t\t<\/div>\n\t\t\t\t\t<\/div>\n\t\t\t\t<\/div>\n\t\t\t\t<\/div>\n\t\t","protected":false},"excerpt":{"rendered":"<p>\u00daNETE A VMA Completa el formulario con tus datos para ser parte de la base de datos de elegibles a [&hellip;]<\/p>\n","protected":false},"author":1,"featured_media":0,"parent":0,"menu_order":0,"comment_status":"closed","ping_status":"closed","template":"","meta":{"site-sidebar-layout":"no-sidebar","site-content-layout":"","ast-site-content-layout":"full-width-container","site-content-style":"default","site-sidebar-style":"default","ast-global-header-display":"","ast-banner-title-visibility":"","ast-main-header-display":"","ast-hfb-above-header-display":"","ast-hfb-below-header-display":"","ast-hfb-mobile-header-display":"","site-post-title":"disabled","ast-breadcrumbs-content":"","ast-featured-img":"disabled","footer-sml-layout":"","theme-transparent-header-meta":"","adv-header-id-meta":"","stick-header-meta":"","header-above-stick-meta":"","header-main-stick-meta":"","header-below-stick-meta":"","astra-migrate-meta-layouts":"default","ast-page-background-enabled":"default","ast-page-background-meta":{"desktop":{"background-color":"var(--ast-global-color-4)","background-image":"","background-repeat":"repeat","background-position":"center center","background-size":"auto","background-attachment":"scroll","background-type":"","background-media":"","overlay-type":"","overlay-color":"","overlay-opacity":"","overlay-gradient":""},"tablet":{"background-color":"","background-image":"","background-repeat":"repeat","background-position":"center center","background-size":"auto","background-attachment":"scroll","background-type":"","background-media":"","overlay-type":"","overlay-color":"","overlay-opacity":"","overlay-gradient":""},"mobile":{"background-color":"","background-image":"","background-repeat":"repeat","background-position":"center center","background-size":"auto","background-attachment":"scroll","background-type":"","background-media":"","overlay-type":"","overlay-color":"","overlay-opacity":"","overlay-gradient":""}},"ast-content-background-meta":{"desktop":{"background-color":"var(--ast-global-color-5)","background-image":"","background-repeat":"repeat","background-position":"center center","background-size":"auto","background-attachment":"scroll","background-type":"","background-media":"","overlay-type":"","overlay-color":"","overlay-opacity":"","overlay-gradient":""},"tablet":{"background-color":"var(--ast-global-color-5)","background-image":"","background-repeat":"repeat","background-position":"center center","background-size":"auto","background-attachment":"scroll","background-type":"","background-media":"","overlay-type":"","overlay-color":"","overlay-opacity":"","overlay-gradient":""},"mobile":{"background-color":"var(--ast-global-color-5)","background-image":"","background-repeat":"repeat","background-position":"center center","background-size":"auto","background-attachment":"scroll","background-type":"","background-media":"","overlay-type":"","overlay-color":"","overlay-opacity":"","overlay-gradient":""}},"_joinchat":[],"footnotes":""},"class_list":["post-28","page","type-page","status-publish","hentry"],"yoast_head":"<!-- This site is optimized with the Yoast SEO plugin v23.8 - https:\/\/yoast.com\/wordpress\/plugins\/seo\/ -->\n<title>\u00daNETE A VMA - Grupo VMA Honduras<\/title>\n<meta name=\"robots\" content=\"index, follow, max-snippet:-1, max-image-preview:large, max-video-preview:-1\" \/>\n<link rel=\"canonical\" href=\"https:\/\/grupo-vma.com\/honduras\/unete-a-vma\/\" \/>\n<meta property=\"og:locale\" content=\"es_ES\" \/>\n<meta property=\"og:type\" content=\"article\" \/>\n<meta property=\"og:title\" content=\"\u00daNETE A VMA - Grupo VMA Honduras\" \/>\n<meta property=\"og:description\" content=\"\u00daNETE A VMA Completa el formulario con tus datos para ser parte de la base de datos de elegibles a [&hellip;]\" \/>\n<meta property=\"og:url\" content=\"https:\/\/grupo-vma.com\/honduras\/unete-a-vma\/\" \/>\n<meta property=\"og:site_name\" content=\"Grupo VMA Honduras\" \/>\n<meta property=\"article:modified_time\" content=\"2025-05-16T17:09:16+00:00\" \/>\n<meta property=\"og:image\" content=\"https:\/\/grupo-vma.com\/honduras\/wp-content\/uploads\/sites\/2\/2024\/10\/bannerunetevma2-1024x423.png\" \/>\n<meta name=\"twitter:card\" content=\"summary_large_image\" \/>\n<meta name=\"twitter:label1\" content=\"Tiempo de lectura\" \/>\n\t<meta name=\"twitter:data1\" content=\"1 minuto\" \/>\n<script type=\"application\/ld+json\" class=\"yoast-schema-graph\">{\"@context\":\"https:\/\/schema.org\",\"@graph\":[{\"@type\":\"WebPage\",\"@id\":\"https:\/\/grupo-vma.com\/honduras\/unete-a-vma\/\",\"url\":\"https:\/\/grupo-vma.com\/honduras\/unete-a-vma\/\",\"name\":\"\u00daNETE A VMA - Grupo VMA Honduras\",\"isPartOf\":{\"@id\":\"https:\/\/grupo-vma.com\/honduras\/#website\"},\"primaryImageOfPage\":{\"@id\":\"https:\/\/grupo-vma.com\/honduras\/unete-a-vma\/#primaryimage\"},\"image\":{\"@id\":\"https:\/\/grupo-vma.com\/honduras\/unete-a-vma\/#primaryimage\"},\"thumbnailUrl\":\"https:\/\/grupo-vma.com\/honduras\/wp-content\/uploads\/sites\/2\/2024\/10\/bannerunetevma2-1024x423.png\",\"datePublished\":\"2024-10-09T22:49:17+00:00\",\"dateModified\":\"2025-05-16T17:09:16+00:00\",\"breadcrumb\":{\"@id\":\"https:\/\/grupo-vma.com\/honduras\/unete-a-vma\/#breadcrumb\"},\"inLanguage\":\"es\",\"potentialAction\":[{\"@type\":\"ReadAction\",\"target\":[\"https:\/\/grupo-vma.com\/honduras\/unete-a-vma\/\"]}]},{\"@type\":\"ImageObject\",\"inLanguage\":\"es\",\"@id\":\"https:\/\/grupo-vma.com\/honduras\/unete-a-vma\/#primaryimage\",\"url\":\"https:\/\/grupo-vma.com\/honduras\/wp-content\/uploads\/sites\/2\/2024\/10\/bannerunetevma2.png\",\"contentUrl\":\"https:\/\/grupo-vma.com\/honduras\/wp-content\/uploads\/sites\/2\/2024\/10\/bannerunetevma2.png\",\"width\":1950,\"height\":806},{\"@type\":\"BreadcrumbList\",\"@id\":\"https:\/\/grupo-vma.com\/honduras\/unete-a-vma\/#breadcrumb\",\"itemListElement\":[{\"@type\":\"ListItem\",\"position\":1,\"name\":\"Portada\",\"item\":\"https:\/\/grupo-vma.com\/honduras\/\"},{\"@type\":\"ListItem\",\"position\":2,\"name\":\"\u00daNETE A VMA\"}]},{\"@type\":\"WebSite\",\"@id\":\"https:\/\/grupo-vma.com\/honduras\/#website\",\"url\":\"https:\/\/grupo-vma.com\/honduras\/\",\"name\":\"Grupo VMA Honduras\",\"description\":\"\",\"publisher\":{\"@id\":\"https:\/\/grupo-vma.com\/honduras\/#organization\"},\"potentialAction\":[{\"@type\":\"SearchAction\",\"target\":{\"@type\":\"EntryPoint\",\"urlTemplate\":\"https:\/\/grupo-vma.com\/honduras\/?s={search_term_string}\"},\"query-input\":{\"@type\":\"PropertyValueSpecification\",\"valueRequired\":true,\"valueName\":\"search_term_string\"}}],\"inLanguage\":\"es\"},{\"@type\":\"Organization\",\"@id\":\"https:\/\/grupo-vma.com\/honduras\/#organization\",\"name\":\"Grupo VMA Honduras\",\"url\":\"https:\/\/grupo-vma.com\/honduras\/\",\"logo\":{\"@type\":\"ImageObject\",\"inLanguage\":\"es\",\"@id\":\"https:\/\/grupo-vma.com\/honduras\/#\/schema\/logo\/image\/\",\"url\":\"https:\/\/grupo-vma.com\/honduras\/wp-content\/uploads\/sites\/2\/2024\/10\/Logo-VMA_Grupo-NEGRORecurso-3.png\",\"contentUrl\":\"https:\/\/grupo-vma.com\/honduras\/wp-content\/uploads\/sites\/2\/2024\/10\/Logo-VMA_Grupo-NEGRORecurso-3.png\",\"width\":310,\"height\":180,\"caption\":\"Grupo VMA Honduras\"},\"image\":{\"@id\":\"https:\/\/grupo-vma.com\/honduras\/#\/schema\/logo\/image\/\"}}]}<\/script>\n<!-- \/ Yoast SEO plugin. -->","yoast_head_json":{"title":"\u00daNETE A VMA - Grupo VMA Honduras","robots":{"index":"index","follow":"follow","max-snippet":"max-snippet:-1","max-image-preview":"max-image-preview:large","max-video-preview":"max-video-preview:-1"},"canonical":"https:\/\/grupo-vma.com\/honduras\/unete-a-vma\/","og_locale":"es_ES","og_type":"article","og_title":"\u00daNETE A VMA - Grupo VMA Honduras","og_description":"\u00daNETE A VMA Completa el formulario con tus datos para ser parte de la base de datos de elegibles a [&hellip;]","og_url":"https:\/\/grupo-vma.com\/honduras\/unete-a-vma\/","og_site_name":"Grupo VMA Honduras","article_modified_time":"2025-05-16T17:09:16+00:00","og_image":[{"url":"https:\/\/grupo-vma.com\/honduras\/wp-content\/uploads\/sites\/2\/2024\/10\/bannerunetevma2-1024x423.png"}],"twitter_card":"summary_large_image","twitter_misc":{"Tiempo de lectura":"1 minuto"},"schema":{"@context":"https:\/\/schema.org","@graph":[{"@type":"WebPage","@id":"https:\/\/grupo-vma.com\/honduras\/unete-a-vma\/","url":"https:\/\/grupo-vma.com\/honduras\/unete-a-vma\/","name":"\u00daNETE A VMA - Grupo VMA Honduras","isPartOf":{"@id":"https:\/\/grupo-vma.com\/honduras\/#website"},"primaryImageOfPage":{"@id":"https:\/\/grupo-vma.com\/honduras\/unete-a-vma\/#primaryimage"},"image":{"@id":"https:\/\/grupo-vma.com\/honduras\/unete-a-vma\/#primaryimage"},"thumbnailUrl":"https:\/\/grupo-vma.com\/honduras\/wp-content\/uploads\/sites\/2\/2024\/10\/bannerunetevma2-1024x423.png","datePublished":"2024-10-09T22:49:17+00:00","dateModified":"2025-05-16T17:09:16+00:00","breadcrumb":{"@id":"https:\/\/grupo-vma.com\/honduras\/unete-a-vma\/#breadcrumb"},"inLanguage":"es","potentialAction":[{"@type":"ReadAction","target":["https:\/\/grupo-vma.com\/honduras\/unete-a-vma\/"]}]},{"@type":"ImageObject","inLanguage":"es","@id":"https:\/\/grupo-vma.com\/honduras\/unete-a-vma\/#primaryimage","url":"https:\/\/grupo-vma.com\/honduras\/wp-content\/uploads\/sites\/2\/2024\/10\/bannerunetevma2.png","contentUrl":"https:\/\/grupo-vma.com\/honduras\/wp-content\/uploads\/sites\/2\/2024\/10\/bannerunetevma2.png","width":1950,"height":806},{"@type":"BreadcrumbList","@id":"https:\/\/grupo-vma.com\/honduras\/unete-a-vma\/#breadcrumb","itemListElement":[{"@type":"ListItem","position":1,"name":"Portada","item":"https:\/\/grupo-vma.com\/honduras\/"},{"@type":"ListItem","position":2,"name":"\u00daNETE A VMA"}]},{"@type":"WebSite","@id":"https:\/\/grupo-vma.com\/honduras\/#website","url":"https:\/\/grupo-vma.com\/honduras\/","name":"Grupo VMA Honduras","description":"","publisher":{"@id":"https:\/\/grupo-vma.com\/honduras\/#organization"},"potentialAction":[{"@type":"SearchAction","target":{"@type":"EntryPoint","urlTemplate":"https:\/\/grupo-vma.com\/honduras\/?s={search_term_string}"},"query-input":{"@type":"PropertyValueSpecification","valueRequired":true,"valueName":"search_term_string"}}],"inLanguage":"es"},{"@type":"Organization","@id":"https:\/\/grupo-vma.com\/honduras\/#organization","name":"Grupo VMA Honduras","url":"https:\/\/grupo-vma.com\/honduras\/","logo":{"@type":"ImageObject","inLanguage":"es","@id":"https:\/\/grupo-vma.com\/honduras\/#\/schema\/logo\/image\/","url":"https:\/\/grupo-vma.com\/honduras\/wp-content\/uploads\/sites\/2\/2024\/10\/Logo-VMA_Grupo-NEGRORecurso-3.png","contentUrl":"https:\/\/grupo-vma.com\/honduras\/wp-content\/uploads\/sites\/2\/2024\/10\/Logo-VMA_Grupo-NEGRORecurso-3.png","width":310,"height":180,"caption":"Grupo VMA Honduras"},"image":{"@id":"https:\/\/grupo-vma.com\/honduras\/#\/schema\/logo\/image\/"}}]}},"_links":{"self":[{"href":"https:\/\/grupo-vma.com\/honduras\/wp-json\/wp\/v2\/pages\/28","targetHints":{"allow":["GET"]}}],"collection":[{"href":"https:\/\/grupo-vma.com\/honduras\/wp-json\/wp\/v2\/pages"}],"about":[{"href":"https:\/\/grupo-vma.com\/honduras\/wp-json\/wp\/v2\/types\/page"}],"author":[{"embeddable":true,"href":"https:\/\/grupo-vma.com\/honduras\/wp-json\/wp\/v2\/users\/1"}],"replies":[{"embeddable":true,"href":"https:\/\/grupo-vma.com\/honduras\/wp-json\/wp\/v2\/comments?post=28"}],"version-history":[{"count":9,"href":"https:\/\/grupo-vma.com\/honduras\/wp-json\/wp\/v2\/pages\/28\/revisions"}],"predecessor-version":[{"id":371,"href":"https:\/\/grupo-vma.com\/honduras\/wp-json\/wp\/v2\/pages\/28\/revisions\/371"}],"wp:attachment":[{"href":"https:\/\/grupo-vma.com\/honduras\/wp-json\/wp\/v2\/media?parent=28"}],"curies":[{"name":"wp","href":"https:\/\/api.w.org\/{rel}","templated":true}]}}